{"id":3333,"date":"2024-10-13T11:49:23","date_gmt":"2024-10-13T09:49:23","guid":{"rendered":"https:\/\/mpaczkowski.pl\/?post_type=product&#038;p=3333"},"modified":"2024-12-27T02:38:33","modified_gmt":"2024-12-27T00:38:33","slug":"calendar-2025-polish-vertical","status":"publish","type":"product","link":"https:\/\/mpaczkowski.pl\/pl\/produkt\/calendar-2025-polish-vertical\/","title":{"rendered":"Kalendarz 2025- Pionowy"},"content":{"rendered":"<p>Wildlife calendar containing 12 of my pictures. All the photos inside were taken in Poland and show wild, polish animals. Size: A3 (32x45cm). Printed on satin paper on HP Indigo printers.<\/p>","protected":false},"excerpt":{"rendered":"<p>Kalendarz przyrodniczy pionowy zawieraj\u0105cy 12 moich zdj\u0119\u0107. Wszystkie zdj\u0119cia w nim zosta\u0142y wykonane w Polsce i przedstawiaj\u0105 dzikie zwierz\u0119ta. Nazwy zwierz\u0105t zosta\u0142y uwzgl\u0119dnione, pod zdj\u0119ciami znajduj\u0105 si\u0119 imieniny i \u015bwi\u0119ta. Rozmiar: A3 (32x45cm). Wydrukowany na satynowym papierze na drukarkach HD Indigo.<\/p>","protected":false},"featured_media":3334,"template":"","meta":[],"product_brand":[],"product_cat":[37],"product_tag":[],"class_list":{"0":"post-3333","1":"product","2":"type-product","3":"status-publish","4":"has-post-thumbnail","6":"product_cat-calendar","8":"first","9":"instock","10":"shipping-taxable","11":"purchasable","12":"product-type-simple"},"aioseo_notices":[],"_links":{"self":[{"href":"https:\/\/mpaczkowski.pl\/pl\/wp-json\/wp\/v2\/product\/3333","targetHints":{"allow":["GET"]}}],"collection":[{"href":"https:\/\/mpaczkowski.pl\/pl\/wp-json\/wp\/v2\/product"}],"about":[{"href":"https:\/\/mpaczkowski.pl\/pl\/wp-json\/wp\/v2\/types\/product"}],"wp:featuredmedia":[{"embeddable":true,"href":"https:\/\/mpaczkowski.pl\/pl\/wp-json\/wp\/v2\/media\/3334"}],"wp:attachment":[{"href":"https:\/\/mpaczkowski.pl\/pl\/wp-json\/wp\/v2\/media?parent=3333"}],"wp:term":[{"taxonomy":"product_brand","embeddable":true,"href":"https:\/\/mpaczkowski.pl\/pl\/wp-json\/wp\/v2\/product_brand?post=3333"},{"taxonomy":"product_cat","embeddable":true,"href":"https:\/\/mpaczkowski.pl\/pl\/wp-json\/wp\/v2\/product_cat?post=3333"},{"taxonomy":"product_tag","embeddable":true,"href":"https:\/\/mpaczkowski.pl\/pl\/wp-json\/wp\/v2\/product_tag?post=3333"}],"curies":[{"name":"wp","href":"https:\/\/api.w.org\/{rel}","templated":true}]}}