{"id":2943,"date":"2023-12-12T21:59:04","date_gmt":"2023-12-12T19:59:04","guid":{"rendered":"https:\/\/mpaczkowski.pl\/?post_type=product&#038;p=2943"},"modified":"2023-12-31T13:53:43","modified_gmt":"2023-12-31T11:53:43","slug":"before-the-sunrise-canvas-print","status":"publish","type":"product","link":"https:\/\/mpaczkowski.pl\/pl\/produkt\/before-the-sunrise-canvas-print\/","title":{"rendered":"\"Przed wschodem\" Wydruk na p\u0142\u00f3tnie"},"content":{"rendered":"<p>G\u0119si bia\u0142oczelne na tle r\u00f3\u017cowego nieba, przed wschodem s\u0142o\u0144ca. Wydrukowane na wysokiej jako\u015bci p\u0142\u00f3tnie o gramaturze 260g\/m2. Rozmiar: 60x40cm.<\/p>","protected":false},"excerpt":{"rendered":"<p>G\u0119si bia\u0142oczelne na tle r\u00f3\u017cowego nieba, przed wschodem s\u0142o\u0144ca. Wydrukowane na wysokiej jako\u015bci p\u0142\u00f3tnie o gramaturze 260g\/m2. Rozmiar: 60x40cm.<\/p>","protected":false},"featured_media":2944,"template":"","meta":[],"product_brand":[],"product_cat":[34,31],"product_tag":[],"class_list":{"0":"post-2943","1":"product","2":"type-product","3":"status-publish","4":"has-post-thumbnail","6":"product_cat-canvas","7":"product_cat-prints","9":"first","10":"instock","11":"shipping-taxable","12":"purchasable","13":"product-type-simple"},"aioseo_notices":[],"_links":{"self":[{"href":"https:\/\/mpaczkowski.pl\/pl\/wp-json\/wp\/v2\/product\/2943","targetHints":{"allow":["GET"]}}],"collection":[{"href":"https:\/\/mpaczkowski.pl\/pl\/wp-json\/wp\/v2\/product"}],"about":[{"href":"https:\/\/mpaczkowski.pl\/pl\/wp-json\/wp\/v2\/types\/product"}],"wp:featuredmedia":[{"embeddable":true,"href":"https:\/\/mpaczkowski.pl\/pl\/wp-json\/wp\/v2\/media\/2944"}],"wp:attachment":[{"href":"https:\/\/mpaczkowski.pl\/pl\/wp-json\/wp\/v2\/media?parent=2943"}],"wp:term":[{"taxonomy":"product_brand","embeddable":true,"href":"https:\/\/mpaczkowski.pl\/pl\/wp-json\/wp\/v2\/product_brand?post=2943"},{"taxonomy":"product_cat","embeddable":true,"href":"https:\/\/mpaczkowski.pl\/pl\/wp-json\/wp\/v2\/product_cat?post=2943"},{"taxonomy":"product_tag","embeddable":true,"href":"https:\/\/mpaczkowski.pl\/pl\/wp-json\/wp\/v2\/product_tag?post=2943"}],"curies":[{"name":"wp","href":"https:\/\/api.w.org\/{rel}","templated":true}]}}