{"id":2941,"date":"2023-12-12T21:52:21","date_gmt":"2023-12-12T19:52:21","guid":{"rendered":"https:\/\/mpaczkowski.pl\/?post_type=product&#038;p=2941"},"modified":"2023-12-31T13:53:59","modified_gmt":"2023-12-31T11:53:59","slug":"king-of-the-meadow-canvas-print","status":"publish","type":"product","link":"https:\/\/mpaczkowski.pl\/pl\/produkt\/king-of-the-meadow-canvas-print\/","title":{"rendered":"\"Kr\u00f3l \u0142\u0105ki\" Wydruk na p\u0142\u00f3tnie"},"content":{"rendered":"<p>Derkacz na \u0142\u0105ce podczas pi\u0119knego zachodu s\u0142o\u0144ca. Wydrukowane na wysokiej jako\u015bci p\u0142\u00f3tnie o gramaturze 260g\/m2. Rozmiar: 60x40cm.<\/p>","protected":false},"excerpt":{"rendered":"<p>Derkacz na \u0142\u0105ce podczas pi\u0119knego zachodu s\u0142o\u0144ca. Wydrukowane na wysokiej jako\u015bci p\u0142\u00f3tnie o gramaturze 260g\/m2. Rozmiar: 60x40cm.<\/p>","protected":false},"featured_media":2942,"template":"","meta":[],"product_brand":[],"product_cat":[34,31],"product_tag":[],"class_list":{"0":"post-2941","1":"product","2":"type-product","3":"status-publish","4":"has-post-thumbnail","6":"product_cat-canvas","7":"product_cat-prints","9":"first","10":"instock","11":"shipping-taxable","12":"purchasable","13":"product-type-simple"},"aioseo_notices":[],"_links":{"self":[{"href":"https:\/\/mpaczkowski.pl\/pl\/wp-json\/wp\/v2\/product\/2941","targetHints":{"allow":["GET"]}}],"collection":[{"href":"https:\/\/mpaczkowski.pl\/pl\/wp-json\/wp\/v2\/product"}],"about":[{"href":"https:\/\/mpaczkowski.pl\/pl\/wp-json\/wp\/v2\/types\/product"}],"wp:featuredmedia":[{"embeddable":true,"href":"https:\/\/mpaczkowski.pl\/pl\/wp-json\/wp\/v2\/media\/2942"}],"wp:attachment":[{"href":"https:\/\/mpaczkowski.pl\/pl\/wp-json\/wp\/v2\/media?parent=2941"}],"wp:term":[{"taxonomy":"product_brand","embeddable":true,"href":"https:\/\/mpaczkowski.pl\/pl\/wp-json\/wp\/v2\/product_brand?post=2941"},{"taxonomy":"product_cat","embeddable":true,"href":"https:\/\/mpaczkowski.pl\/pl\/wp-json\/wp\/v2\/product_cat?post=2941"},{"taxonomy":"product_tag","embeddable":true,"href":"https:\/\/mpaczkowski.pl\/pl\/wp-json\/wp\/v2\/product_tag?post=2941"}],"curies":[{"name":"wp","href":"https:\/\/api.w.org\/{rel}","templated":true}]}}