{"id":2474,"date":"2023-10-22T16:08:18","date_gmt":"2023-10-22T14:08:18","guid":{"rendered":"https:\/\/mpaczkowski.pl\/?post_type=product&#038;p=2474"},"modified":"2023-12-31T13:54:57","modified_gmt":"2023-12-31T11:54:57","slug":"the-horde-60x40cm-canvas-print","status":"publish","type":"product","link":"https:\/\/mpaczkowski.pl\/pl\/produkt\/the-horde-60x40cm-canvas-print\/","title":{"rendered":"\"Horda\" Wydruk na p\u0142\u00f3tnie"},"content":{"rendered":"<p>Grupa szpak\u00f3w w locie w dolinie Warty. Wydrukowane na wysokiej jako\u015bci p\u0142\u00f3tnie o gramaturze 260g\/m2. Rozmiar: 60x40cm.<\/p>","protected":false},"excerpt":{"rendered":"<p>Grupa szpak\u00f3w w locie w dolinie Warty. Wydrukowane na wysokiej jako\u015bci p\u0142\u00f3tnie o gramaturze 260g\/m2. Rozmiar: 60x40cm.<\/p>","protected":false},"featured_media":2492,"template":"","meta":[],"product_brand":[],"product_cat":[34,31],"product_tag":[],"class_list":{"0":"post-2474","1":"product","2":"type-product","3":"status-publish","4":"has-post-thumbnail","6":"product_cat-canvas","7":"product_cat-prints","9":"first","10":"instock","11":"shipping-taxable","12":"purchasable","13":"product-type-simple"},"aioseo_notices":[],"_links":{"self":[{"href":"https:\/\/mpaczkowski.pl\/pl\/wp-json\/wp\/v2\/product\/2474","targetHints":{"allow":["GET"]}}],"collection":[{"href":"https:\/\/mpaczkowski.pl\/pl\/wp-json\/wp\/v2\/product"}],"about":[{"href":"https:\/\/mpaczkowski.pl\/pl\/wp-json\/wp\/v2\/types\/product"}],"wp:featuredmedia":[{"embeddable":true,"href":"https:\/\/mpaczkowski.pl\/pl\/wp-json\/wp\/v2\/media\/2492"}],"wp:attachment":[{"href":"https:\/\/mpaczkowski.pl\/pl\/wp-json\/wp\/v2\/media?parent=2474"}],"wp:term":[{"taxonomy":"product_brand","embeddable":true,"href":"https:\/\/mpaczkowski.pl\/pl\/wp-json\/wp\/v2\/product_brand?post=2474"},{"taxonomy":"product_cat","embeddable":true,"href":"https:\/\/mpaczkowski.pl\/pl\/wp-json\/wp\/v2\/product_cat?post=2474"},{"taxonomy":"product_tag","embeddable":true,"href":"https:\/\/mpaczkowski.pl\/pl\/wp-json\/wp\/v2\/product_tag?post=2474"}],"curies":[{"name":"wp","href":"https:\/\/api.w.org\/{rel}","templated":true}]}}