{"id":2469,"date":"2023-10-22T15:08:30","date_gmt":"2023-10-22T13:08:30","guid":{"rendered":"https:\/\/mpaczkowski.pl\/?post_type=product&#038;p=2469"},"modified":"2023-12-09T22:56:43","modified_gmt":"2023-12-09T20:56:43","slug":"wren-45x30cm-photo-paper-print","status":"publish","type":"product","link":"https:\/\/mpaczkowski.pl\/pl\/produkt\/wren-45x30cm-photo-paper-print\/","title":{"rendered":"\"Strzy\u017cyk\" Wydruk na papierze fotograficznym"},"content":{"rendered":"<div class=\"woocommerce-tabs wc-tabs-wrapper\">\n<div id=\"tab-description\" class=\"woocommerce-Tabs-panel woocommerce-Tabs-panel--description panel entry-content wc-tab\" role=\"tabpanel\" aria-labelledby=\"tab-title-description\">\n<div id=\"primary\" class=\"content-area\">\n<p>Strzy\u017cyk \u015bpiewaj\u0105cy na kamiennym s\u0142upie. Wydrukowane na wysokiej jako\u015bci papierze Fujifilm. Rozmiar: 45x30cm.<\/p>\n<\/div>\n<\/div>\n<\/div>","protected":false},"excerpt":{"rendered":"<p>Strzy\u017cyk \u015bpiewaj\u0105cy na kamiennym s\u0142upie. Wydrukowane na wysokiej jako\u015bci papierze Fujifilm. Rozmiar: 45x30cm.<\/p>","protected":false},"featured_media":2470,"template":"","meta":[],"product_brand":[],"product_cat":[33,31],"product_tag":[],"class_list":{"0":"post-2469","1":"product","2":"type-product","3":"status-publish","4":"has-post-thumbnail","6":"product_cat-paper","7":"product_cat-prints","9":"first","10":"instock","11":"shipping-taxable","12":"purchasable","13":"product-type-simple"},"aioseo_notices":[],"_links":{"self":[{"href":"https:\/\/mpaczkowski.pl\/pl\/wp-json\/wp\/v2\/product\/2469","targetHints":{"allow":["GET"]}}],"collection":[{"href":"https:\/\/mpaczkowski.pl\/pl\/wp-json\/wp\/v2\/product"}],"about":[{"href":"https:\/\/mpaczkowski.pl\/pl\/wp-json\/wp\/v2\/types\/product"}],"wp:featuredmedia":[{"embeddable":true,"href":"https:\/\/mpaczkowski.pl\/pl\/wp-json\/wp\/v2\/media\/2470"}],"wp:attachment":[{"href":"https:\/\/mpaczkowski.pl\/pl\/wp-json\/wp\/v2\/media?parent=2469"}],"wp:term":[{"taxonomy":"product_brand","embeddable":true,"href":"https:\/\/mpaczkowski.pl\/pl\/wp-json\/wp\/v2\/product_brand?post=2469"},{"taxonomy":"product_cat","embeddable":true,"href":"https:\/\/mpaczkowski.pl\/pl\/wp-json\/wp\/v2\/product_cat?post=2469"},{"taxonomy":"product_tag","embeddable":true,"href":"https:\/\/mpaczkowski.pl\/pl\/wp-json\/wp\/v2\/product_tag?post=2469"}],"curies":[{"name":"wp","href":"https:\/\/api.w.org\/{rel}","templated":true}]}}