{"id":2446,"date":"2023-10-21T16:35:59","date_gmt":"2023-10-21T14:35:59","guid":{"rendered":"https:\/\/mpaczkowski.pl\/?post_type=product&#038;p=2446"},"modified":"2023-12-22T21:49:40","modified_gmt":"2023-12-22T19:49:40","slug":"the-ducks-45x30cm-photo-paper-print","status":"publish","type":"product","link":"https:\/\/mpaczkowski.pl\/pl\/produkt\/the-ducks-45x30cm-photo-paper-print\/","title":{"rendered":"\"Kaczki\" Wydruk na papierze fotograficznym"},"content":{"rendered":"<p>Stado krzy\u017c\u00f3wek w locie. Wydrukowane na wysokiej jako\u015bci papierze Fujifilm. Rozmiar: 45x30cm.<\/p>","protected":false},"excerpt":{"rendered":"<p>Stado krzy\u017c\u00f3wek w locie. Wydrukowane na wysokiej jako\u015bci papierze Fujifilm. Rozmiar: 45x30cm.<\/p>","protected":false},"featured_media":2447,"template":"","meta":[],"product_brand":[],"product_cat":[33,31],"product_tag":[],"class_list":{"0":"post-2446","1":"product","2":"type-product","3":"status-publish","4":"has-post-thumbnail","6":"product_cat-paper","7":"product_cat-prints","9":"first","10":"instock","11":"shipping-taxable","12":"purchasable","13":"product-type-simple"},"aioseo_notices":[],"_links":{"self":[{"href":"https:\/\/mpaczkowski.pl\/pl\/wp-json\/wp\/v2\/product\/2446","targetHints":{"allow":["GET"]}}],"collection":[{"href":"https:\/\/mpaczkowski.pl\/pl\/wp-json\/wp\/v2\/product"}],"about":[{"href":"https:\/\/mpaczkowski.pl\/pl\/wp-json\/wp\/v2\/types\/product"}],"wp:featuredmedia":[{"embeddable":true,"href":"https:\/\/mpaczkowski.pl\/pl\/wp-json\/wp\/v2\/media\/2447"}],"wp:attachment":[{"href":"https:\/\/mpaczkowski.pl\/pl\/wp-json\/wp\/v2\/media?parent=2446"}],"wp:term":[{"taxonomy":"product_brand","embeddable":true,"href":"https:\/\/mpaczkowski.pl\/pl\/wp-json\/wp\/v2\/product_brand?post=2446"},{"taxonomy":"product_cat","embeddable":true,"href":"https:\/\/mpaczkowski.pl\/pl\/wp-json\/wp\/v2\/product_cat?post=2446"},{"taxonomy":"product_tag","embeddable":true,"href":"https:\/\/mpaczkowski.pl\/pl\/wp-json\/wp\/v2\/product_tag?post=2446"}],"curies":[{"name":"wp","href":"https:\/\/api.w.org\/{rel}","templated":true}]}}