{"id":2440,"date":"2023-10-21T15:45:03","date_gmt":"2023-10-21T13:45:03","guid":{"rendered":"https:\/\/mpaczkowski.pl\/?post_type=product&#038;p=2440"},"modified":"2023-12-31T13:55:18","modified_gmt":"2023-12-31T11:55:18","slug":"the-uprising-30x20cm-canvas-print","status":"publish","type":"product","link":"https:\/\/mpaczkowski.pl\/pl\/produkt\/the-uprising-30x20cm-canvas-print\/","title":{"rendered":"\"Powstanie\" Wydruk na p\u0142\u00f3tnie"},"content":{"rendered":"<p>Stado g\u0119si podnosz\u0105cych si\u0119 do lotu podczas zimowego zachodu s\u0142o\u0144ca w Wielkopolsce. Wydrukowane na wysokiej jako\u015bci p\u0142\u00f3tnie o gramaturze 260g\/m2. Rozmiar: 30x20cm.<\/p>","protected":false},"excerpt":{"rendered":"<p>Stado g\u0119si podnosz\u0105cych si\u0119 do lotu podczas zimowego zachodu s\u0142o\u0144ca w Wielkopolsce. Wydrukowane na wysokiej jako\u015bci p\u0142\u00f3tnie o gramaturze 260g\/m2. Rozmiar: 30x20cm.<\/p>","protected":false},"featured_media":2441,"template":"","meta":[],"product_brand":[],"product_cat":[34,31],"product_tag":[],"class_list":{"0":"post-2440","1":"product","2":"type-product","3":"status-publish","4":"has-post-thumbnail","6":"product_cat-canvas","7":"product_cat-prints","9":"first","10":"instock","11":"shipping-taxable","12":"purchasable","13":"product-type-simple"},"aioseo_notices":[],"_links":{"self":[{"href":"https:\/\/mpaczkowski.pl\/pl\/wp-json\/wp\/v2\/product\/2440","targetHints":{"allow":["GET"]}}],"collection":[{"href":"https:\/\/mpaczkowski.pl\/pl\/wp-json\/wp\/v2\/product"}],"about":[{"href":"https:\/\/mpaczkowski.pl\/pl\/wp-json\/wp\/v2\/types\/product"}],"wp:featuredmedia":[{"embeddable":true,"href":"https:\/\/mpaczkowski.pl\/pl\/wp-json\/wp\/v2\/media\/2441"}],"wp:attachment":[{"href":"https:\/\/mpaczkowski.pl\/pl\/wp-json\/wp\/v2\/media?parent=2440"}],"wp:term":[{"taxonomy":"product_brand","embeddable":true,"href":"https:\/\/mpaczkowski.pl\/pl\/wp-json\/wp\/v2\/product_brand?post=2440"},{"taxonomy":"product_cat","embeddable":true,"href":"https:\/\/mpaczkowski.pl\/pl\/wp-json\/wp\/v2\/product_cat?post=2440"},{"taxonomy":"product_tag","embeddable":true,"href":"https:\/\/mpaczkowski.pl\/pl\/wp-json\/wp\/v2\/product_tag?post=2440"}],"curies":[{"name":"wp","href":"https:\/\/api.w.org\/{rel}","templated":true}]}}